{"id":2,"date":"2024-05-08T03:52:46","date_gmt":"2024-05-08T03:52:46","guid":{"rendered":"https:\/\/cipie.edu.mx\/?page_id=2"},"modified":"2024-06-13T03:45:54","modified_gmt":"2024-06-13T03:45:54","slug":"sample-page","status":"publish","type":"page","link":"https:\/\/cipie.edu.mx\/index.php\/sample-page\/","title":{"rendered":"C.I.P.I.E."},"content":{"rendered":"\n<p><strong>Somos el Colegio Interdisciplinario de Profesionistas en Innovaci\u00f3n Educativa, impartimos Licenciaturas, Maestr\u00edas y Doctorados con Reconocimiento de Validez Oficial de Estudios (RVOE), as\u00ed como cursos y diplomados, aprobados por la Secretar\u00eda de Educaci\u00f3n P\u00fablica, adem\u00e1s de una alianza estrat\u00e9gica para que estudies Bachillerato con los lineamientos de la Nueva Escuela Mexicana.<\/strong><\/p>\n\n\n\n<blockquote class=\"wp-block-quote is-layout-flow wp-block-quote-is-layout-flow\">\n<p>\u00abLa educaci\u00f3n es una prioridad para el mexicano, que busca constantemente aprender y crecer en todos los aspectos de su vida.\u00bb     <\/p>\n<cite> Octavio Paz<\/cite><\/blockquote>\n\n\n\n<blockquote class=\"wp-block-quote is-layout-flow wp-block-quote-is-layout-flow\">\n<p><strong>\u201cUna prueba de lo acertado de la intervenci\u00f3n educativa es la felicidad del ni\u00f1o<\/strong>.\u201c<\/p>\n<cite>Mar\u00eda Montessori<\/cite><\/blockquote>\n","protected":false},"excerpt":{"rendered":"<p>Somos el Colegio Interdisciplinario de Profesionistas en Innovaci\u00f3n Educativa, impartimos Licenciaturas, Maestr\u00edas y Doctorados con Reconocimiento de Validez Oficial de Estudios (RVOE), as\u00ed como cursos y diplomados, aprobados por la Secretar\u00eda de Educaci\u00f3n P\u00fablica, adem\u00e1s de una alianza estrat\u00e9gica para que estudies Bachillerato con los lineamientos de la Nueva Escuela Mexicana. \u00abLa educaci\u00f3n es una [&hellip;]<\/p>\n","protected":false},"author":1,"featured_media":21,"parent":0,"menu_order":0,"comment_status":"closed","ping_status":"closed","template":"","meta":{"footnotes":""},"class_list":["post-2","page","type-page","status-publish","has-post-thumbnail","hentry"],"_links":{"self":[{"href":"https:\/\/cipie.edu.mx\/index.php\/wp-json\/wp\/v2\/pages\/2","targetHints":{"allow":["GET"]}}],"collection":[{"href":"https:\/\/cipie.edu.mx\/index.php\/wp-json\/wp\/v2\/pages"}],"about":[{"href":"https:\/\/cipie.edu.mx\/index.php\/wp-json\/wp\/v2\/types\/page"}],"author":[{"embeddable":true,"href":"https:\/\/cipie.edu.mx\/index.php\/wp-json\/wp\/v2\/users\/1"}],"replies":[{"embeddable":true,"href":"https:\/\/cipie.edu.mx\/index.php\/wp-json\/wp\/v2\/comments?post=2"}],"version-history":[{"count":3,"href":"https:\/\/cipie.edu.mx\/index.php\/wp-json\/wp\/v2\/pages\/2\/revisions"}],"predecessor-version":[{"id":56,"href":"https:\/\/cipie.edu.mx\/index.php\/wp-json\/wp\/v2\/pages\/2\/revisions\/56"}],"wp:featuredmedia":[{"embeddable":true,"href":"https:\/\/cipie.edu.mx\/index.php\/wp-json\/wp\/v2\/media\/21"}],"wp:attachment":[{"href":"https:\/\/cipie.edu.mx\/index.php\/wp-json\/wp\/v2\/media?parent=2"}],"curies":[{"name":"wp","href":"https:\/\/api.w.org\/{rel}","templated":true}]}}